{"id":1099,"date":"2020-06-03T10:11:43","date_gmt":"2020-06-03T07:11:43","guid":{"rendered":"https:\/\/ekspress.macaw.ee\/about-group\/our-operating-areas\/media\/latvia\/bilesu-paradize-sia\/"},"modified":"2021-09-29T10:07:26","modified_gmt":"2021-09-29T07:07:26","slug":"bilesu-paradize-sia","status":"publish","type":"page","link":"https:\/\/egrupp.ee\/en\/bilesu-paradize-sia\/","title":{"rendered":"Bi\u013ce\u0161u Parad\u012bze SIA"},"content":{"rendered":"<p>Bi\u013ce\u0161u Parad\u012bze manages the electronic ticket sales platform (bilesuparadize.lv) and ticket sales sites through which tickets to various entertainment events on behalf of event organizers are sold. The company has organized online ticket sales for over 15 years and is the leading ticket sales provider in Latvia.<\/p>\n<p>LINK: <a href=\"https:\/\/www.bilesuparadize.lv\/lv\/\">www.bilesuparadize.lv<\/a><\/p>\n<p>Please contact us at:<br \/>\nSIA &#8220;Bi\u013ce\u0161u Parad\u012bze&#8221;<br \/>\n3 Duntes street, Riga, LV-1013<br \/>\nTel: +371 9000 2000<br \/>\nKMKR nr LV40003394937<br \/>\nE-post:\u00a0<a href=\"mailto:info@bilesuparadize.lv\">info@bilesuparadize.lv<\/a><\/p>\n","protected":false},"excerpt":{"rendered":"<p>Bi\u013ce\u0161u Parad\u012bze manages the electronic ticket sales platform (bilesuparadize.lv) and ticket sales sites through which tickets to various entertainment events on behalf of event organizers are sold. The company has organized online ticket sales for over 15 years and is the leading ticket sales provider in Latvia. LINK: www.bilesuparadize.lv Please contact us at: SIA &#8220;Bi\u013ce\u0161u [&hellip;]<\/p>\n","protected":false},"author":11,"featured_media":0,"parent":0,"menu_order":3,"comment_status":"closed","ping_status":"closed","template":"","meta":{"footnotes":""},"class_list":["post-1099","page","type-page","status-publish","hentry"],"acf":{"blocks":false,"page_content_title":"Bi\u013ce\u0161u Parad\u012bze SIA","page_content_logo":{"ID":647,"id":647,"title":"thumbnail_image001 bile","filename":"thumbnail_image001-bile.png","filesize":15629,"url":"https:\/\/egrupp.ee\/wp-content\/uploads\/2020\/05\/thumbnail_image001-bile.png","link":"https:\/\/egrupp.ee\/en\/operating-areas\/media\/latvia\/bilesu-paradize-sia\/thumbnail_image001-bile-2\/","alt":"","author":"11","description":"","caption":"","name":"thumbnail_image001-bile-2","status":"inherit","uploaded_to":1311,"date":"2020-05-14 14:26:56","modified":"2020-07-02 11:25:01","menu_order":0,"mime_type":"image\/png","type":"image","subtype":"png","icon":"https:\/\/egrupp.ee\/wp-includes\/images\/media\/default.png","width":600,"height":210,"sizes":{"thumbnail":"https:\/\/egrupp.ee\/wp-content\/uploads\/2020\/05\/thumbnail_image001-bile-150x150.png","thumbnail-width":150,"thumbnail-height":150,"medium":"https:\/\/egrupp.ee\/wp-content\/uploads\/2020\/05\/thumbnail_image001-bile-300x105.png","medium-width":300,"medium-height":105,"medium_large":"https:\/\/egrupp.ee\/wp-content\/uploads\/2020\/05\/thumbnail_image001-bile.png","medium_large-width":600,"medium_large-height":210,"large":"https:\/\/egrupp.ee\/wp-content\/uploads\/2020\/05\/thumbnail_image001-bile.png","large-width":600,"large-height":210,"1536x1536":"https:\/\/egrupp.ee\/wp-content\/uploads\/2020\/05\/thumbnail_image001-bile.png","1536x1536-width":600,"1536x1536-height":210,"2048x2048":"https:\/\/egrupp.ee\/wp-content\/uploads\/2020\/05\/thumbnail_image001-bile.png","2048x2048-width":600,"2048x2048-height":210,"iphone":"https:\/\/egrupp.ee\/wp-content\/uploads\/2020\/05\/thumbnail_image001-bile-450x158.png","iphone-width":450,"iphone-height":158,"phone-large":"https:\/\/egrupp.ee\/wp-content\/uploads\/2020\/05\/thumbnail_image001-bile.png","phone-large-width":600,"phone-large-height":210,"tablet":"https:\/\/egrupp.ee\/wp-content\/uploads\/2020\/05\/thumbnail_image001-bile.png","tablet-width":600,"tablet-height":210,"laptop":"https:\/\/egrupp.ee\/wp-content\/uploads\/2020\/05\/thumbnail_image001-bile.png","laptop-width":600,"laptop-height":210,"laptopretina":"https:\/\/egrupp.ee\/wp-content\/uploads\/2020\/05\/thumbnail_image001-bile.png","laptopretina-width":600,"laptopretina-height":210,"fullhd":"https:\/\/egrupp.ee\/wp-content\/uploads\/2020\/05\/thumbnail_image001-bile.png","fullhd-width":600,"fullhd-height":210}}},"_links":{"self":[{"href":"https:\/\/egrupp.ee\/en\/wp-json\/wp\/v2\/pages\/1099","targetHints":{"allow":["GET"]}}],"collection":[{"href":"https:\/\/egrupp.ee\/en\/wp-json\/wp\/v2\/pages"}],"about":[{"href":"https:\/\/egrupp.ee\/en\/wp-json\/wp\/v2\/types\/page"}],"author":[{"embeddable":true,"href":"https:\/\/egrupp.ee\/en\/wp-json\/wp\/v2\/users\/11"}],"replies":[{"embeddable":true,"href":"https:\/\/egrupp.ee\/en\/wp-json\/wp\/v2\/comments?post=1099"}],"version-history":[{"count":2,"href":"https:\/\/egrupp.ee\/en\/wp-json\/wp\/v2\/pages\/1099\/revisions"}],"predecessor-version":[{"id":2835,"href":"https:\/\/egrupp.ee\/en\/wp-json\/wp\/v2\/pages\/1099\/revisions\/2835"}],"wp:attachment":[{"href":"https:\/\/egrupp.ee\/en\/wp-json\/wp\/v2\/media?parent=1099"}],"curies":[{"name":"wp","href":"https:\/\/api.w.org\/{rel}","templated":true}]}}